{"id":7005,"date":"2024-04-23T17:03:56","date_gmt":"2024-04-23T15:03:56","guid":{"rendered":"https:\/\/www.signnovation.nl\/led-und-zubehor\/rgb-rgb-w-verlichting\/"},"modified":"2024-12-17T11:48:31","modified_gmt":"2024-12-17T10:48:31","slug":"rgb-led-beleuchtung","status":"publish","type":"page","link":"https:\/\/www.signnovation.nl\/de\/led-und-zubehor\/rgb-led-beleuchtung\/","title":{"rendered":"RGB-LED-Beleuchtung"},"content":{"rendered":"<p><div class=\"fusion-fullwidth fullwidth-box fusion-builder-row-1 fusion-flex-container has-pattern-background has-mask-background nonhundred-percent-fullwidth non-hundred-percent-height-scrolling header_sub\" style=\"--awb-border-radius-top-left:0px;--awb-border-radius-top-right:0px;--awb-border-radius-bottom-right:0px;--awb-border-radius-bottom-left:0px;--awb-flex-wrap:wrap;\" ><div class=\"fusion-builder-row fusion-row fusion-flex-align-items-stretch fusion-flex-content-wrap\" style=\"max-width:1456px;margin-left: calc(-4% \/ 2 );margin-right: calc(-4% \/ 2 );\"><div class=\"fusion-layout-column fusion_builder_column fusion-builder-column-0 fusion_builder_column_3_5 3_5 fusion-flex-column header_left\" style=\"--awb-padding-top:30px;--awb-padding-right:15px;--awb-padding-bottom:80px;--awb-padding-left:15px;--awb-bg-color:#fafafa;--awb-bg-color-hover:#fafafa;--awb-bg-size:cover;--awb-width-large:60%;--awb-margin-top-large:0px;--awb-spacing-right-large:3.84%;--awb-margin-bottom-large:0px;--awb-spacing-left-large:3.2%;--awb-width-medium:60%;--awb-order-medium:0;--awb-spacing-right-medium:3.84%;--awb-spacing-left-medium:3.2%;--awb-width-small:100%;--awb-order-small:0;--awb-spacing-right-small:1.92%;--awb-spacing-left-small:1.92%;\"><div class=\"fusion-column-wrapper fusion-column-has-shadow fusion-flex-justify-content-flex-start fusion-content-layout-column\"><div class=\"fusion-builder-row fusion-builder-row-inner fusion-row fusion-flex-align-items-stretch fusion-flex-content-wrap\" style=\"--awb-flex-grow:0;--awb-flex-grow-medium:0;--awb-flex-grow-small:0;--awb-flex-shrink:0;--awb-flex-shrink-medium:0;--awb-flex-shrink-small:0;width:104% !important;max-width:104% !important;margin-left: calc(-4% \/ 2 );margin-right: calc(-4% \/ 2 );\"><div class=\"fusion-layout-column fusion_builder_column_inner fusion-builder-nested-column-0 fusion_builder_column_inner_3_4 3_4 fusion-flex-column\" style=\"--awb-padding-top:40px;--awb-bg-size:cover;--awb-width-large:75%;--awb-margin-top-large:0px;--awb-spacing-right-large:2.56%;--awb-margin-bottom-large:20px;--awb-spacing-left-large:2.56%;--awb-width-medium:100%;--awb-order-medium:0;--awb-spacing-right-medium:1.92%;--awb-spacing-left-medium:1.92%;--awb-width-small:100%;--awb-order-small:0;--awb-spacing-right-small:1.92%;--awb-spacing-left-small:1.92%;\" data-scroll-devices=\"small-visibility,medium-visibility,large-visibility\"><div class=\"fusion-column-wrapper fusion-column-has-shadow fusion-flex-justify-content-flex-start fusion-content-layout-row fusion-flex-align-items-center\"><div class=\"fusion-title title fusion-title-1 fusion-sep-none fusion-title-text fusion-title-size-one\" style=\"--awb-margin-top-small:10px;--awb-margin-right-small:0px;--awb-margin-bottom-small:10px;--awb-margin-left-small:0px;\"><h1 class=\"fusion-title-heading title-heading-left\" style=\"font-family:&quot;Inter&quot;;font-style:normal;font-weight:400;margin:0;\"><span style=\"font-weight: 900;\"><strong>RGB-LED-Beleuchtung<\/strong><\/span><\/h1><\/div><div class=\"fusion-separator fusion-no-small-visibility fusion-no-medium-visibility fusion-full-width-sep\" style=\"align-self: center;margin-left: auto;margin-right: auto;margin-top:35px;width:100%;\"><\/div><div class=\"fusion-text fusion-text-1\" style=\"--awb-font-size:14px;--awb-text-color:#53595f;\"><p>RGB LED verf\u00fcgt \u00fcber ein LED-Modul, das mit 3&#215;3 LEDs in den Farben Blau, Rot und Gr\u00fcn best\u00fcckt ist. Mit einem Controller kann Ihre Werbung in diesen Farben beleuchtet werden. Die Steuerung enth\u00e4lt eine Reihe von Auswahlprogrammen. Sie k\u00f6nnen die Beleuchtung in einer einzigen Farbe w\u00e4hlen oder die Farben flie\u00dfend verlaufen lassen.<\/p>\n<p>RGB-LEDs sind f\u00fcr die Profile 3, 4 und 5 erh\u00e4ltlich. Ein RGB-Modul hat eine Gr\u00f6\u00dfe von 80 x 15 mm.<\/p>\n<\/div><ul style=\"--awb-size:14px;--awb-iconcolor:var(--awb-color4);--awb-textcolor:var(--awb-color6);--awb-line-height:23.8px;--awb-icon-width:23.8px;--awb-icon-height:23.8px;--awb-icon-margin:9.8px;--awb-content-margin:33.6px;\" class=\"fusion-checklist fusion-checklist-1 fusion-checklist-default type-icons\"><li class=\"fusion-li-item\" style=\"\"><span class=\"icon-wrapper circle-no\"><i class=\"fusion-li-icon awb-icon-check\" aria-hidden=\"true\"><\/i><\/span><div class=\"fusion-li-item-content\">Briefpreis auf Anfrage<\/div><\/li><li class=\"fusion-li-item\" style=\"\"><span class=\"icon-wrapper circle-no\"><i class=\"fusion-li-icon awb-icon-check\" aria-hidden=\"true\"><\/i><\/span><div class=\"fusion-li-item-content\">Farbverlauf<\/div><\/li><\/ul><div class=\"fusion-separator fusion-no-small-visibility fusion-no-medium-visibility fusion-full-width-sep\" style=\"align-self: center;margin-left: auto;margin-right: auto;margin-top:50px;width:100%;\"><\/div><div ><a class=\"fusion-button button-flat fusion-button-default-size button-default fusion-button-default button-1 fusion-button-default-span fusion-button-default-type\" style=\"--button-border-radius-top-left:0px;--button-border-radius-top-right:0px;--button-border-radius-bottom-right:0px;--button-border-radius-bottom-left:0px;\" target=\"_self\" href=\"\/de\/preis-anfragen\/?product=RGB-LED-Beleuchtung\"><span class=\"fusion-button-text awb-button__text awb-button__text--default\">Preis anfragen<\/span><i class=\"fa-long-arrow-alt-right fas awb-button__icon awb-button__icon--default button-icon-right\" aria-hidden=\"true\"><\/i><\/a><\/div>\n<div class=\"fusion-image-element \" style=\"--awb-margin-top:30px;--awb-caption-title-font-family:var(--h2_typography-font-family);--awb-caption-title-font-weight:var(--h2_typography-font-weight);--awb-caption-title-font-style:var(--h2_typography-font-style);--awb-caption-title-size:var(--h2_typography-font-size);--awb-caption-title-transform:var(--h2_typography-text-transform);--awb-caption-title-line-height:var(--h2_typography-line-height);--awb-caption-title-letter-spacing:var(--h2_typography-letter-spacing);\"><span class=\" fusion-imageframe imageframe-none imageframe-1 hover-type-none\"><img decoding=\"async\" width=\"1024\" height=\"262\" alt=\"RGB LED-verlichting\" title=\"RGBNIEUWELED-Signnovation\" src=\"https:\/\/www.signnovation.nl\/wp-content\/uploads\/2024\/04\/RGBNIEUWELED-Signnovation.jpg\" class=\"img-responsive wp-image-5792\" srcset=\"https:\/\/www.signnovation.nl\/wp-content\/uploads\/2024\/04\/RGBNIEUWELED-Signnovation-300x77.jpg 300w, https:\/\/www.signnovation.nl\/wp-content\/uploads\/2024\/04\/RGBNIEUWELED-Signnovation-768x197.jpg 768w, https:\/\/www.signnovation.nl\/wp-content\/uploads\/2024\/04\/RGBNIEUWELED-Signnovation.jpg 1024w\" sizes=\"(max-width: 1024px) 100vw, 1024px\" \/><\/span><\/div><\/div><\/div><\/div><\/div><\/div><div class=\"fusion-layout-column fusion_builder_column fusion-builder-column-1 fusion_builder_column_2_5 2_5 fusion-flex-column product-page-header-image\" style=\"--awb-padding-top:0px;--awb-padding-right:0px;--awb-padding-bottom:0px;--awb-padding-left:0px;--awb-bg-size:cover;--awb-width-large:40%;--awb-margin-top-large:0px;--awb-spacing-right-large:0px;--awb-margin-bottom-large:0px;--awb-spacing-left-large:0px;--awb-width-medium:40%;--awb-order-medium:0;--awb-spacing-right-medium:0px;--awb-spacing-left-medium:0px;--awb-width-small:100%;--awb-order-small:0;--awb-spacing-right-small:1.92%;--awb-spacing-left-small:1.92%;\"><div class=\"fusion-column-wrapper fusion-column-has-shadow fusion-flex-justify-content-flex-start fusion-content-layout-column\"><div class=\"fusion-image-element \" style=\"--awb-caption-title-font-family:var(--h2_typography-font-family);--awb-caption-title-font-weight:var(--h2_typography-font-weight);--awb-caption-title-font-style:var(--h2_typography-font-style);--awb-caption-title-size:var(--h2_typography-font-size);--awb-caption-title-transform:var(--h2_typography-text-transform);--awb-caption-title-line-height:var(--h2_typography-line-height);--awb-caption-title-letter-spacing:var(--h2_typography-letter-spacing);\"><span class=\" fusion-imageframe imageframe-none imageframe-2 hover-type-none\"><img decoding=\"async\" width=\"2477\" height=\"1039\" alt=\"RGB LED-verlichting\n\" title=\"RGB-LED-verlichting-Signnovation\" src=\"https:\/\/www.signnovation.nl\/wp-content\/uploads\/2024\/04\/RGB-LED-verlichting-Signnovation.jpg\" class=\"img-responsive wp-image-5789\" srcset=\"https:\/\/www.signnovation.nl\/wp-content\/uploads\/2024\/04\/RGB-LED-verlichting-Signnovation-300x126.jpg 300w, https:\/\/www.signnovation.nl\/wp-content\/uploads\/2024\/04\/RGB-LED-verlichting-Signnovation-768x322.jpg 768w, https:\/\/www.signnovation.nl\/wp-content\/uploads\/2024\/04\/RGB-LED-verlichting-Signnovation-1024x430.jpg 1024w, https:\/\/www.signnovation.nl\/wp-content\/uploads\/2024\/04\/RGB-LED-verlichting-Signnovation-1536x644.jpg 1536w, https:\/\/www.signnovation.nl\/wp-content\/uploads\/2024\/04\/RGB-LED-verlichting-Signnovation.jpg 2477w\" sizes=\"(max-width: 2477px) 100vw, 2477px\" \/><\/span><\/div><\/div><\/div><\/div><\/div><div class=\"fusion-fullwidth fullwidth-box fusion-builder-row-2 fusion-flex-container has-pattern-background has-mask-background nonhundred-percent-fullwidth non-hundred-percent-height-scrolling\" style=\"--awb-border-radius-top-left:0px;--awb-border-radius-top-right:0px;--awb-border-radius-bottom-right:0px;--awb-border-radius-bottom-left:0px;--awb-padding-top:250px;--awb-padding-bottom:60px;--awb-padding-top-small:150px;--awb-margin-top:-100px;--awb-background-color:var(--awb-color5);--awb-flex-wrap:wrap;\" ><div class=\"fusion-builder-row fusion-row fusion-flex-align-items-flex-start fusion-flex-content-wrap\" style=\"max-width:1456px;margin-left: calc(-4% \/ 2 );margin-right: calc(-4% \/ 2 );\"><div class=\"fusion-layout-column fusion_builder_column fusion-builder-column-2 awb-sticky awb-sticky-medium awb-sticky-large fusion_builder_column_1_2 1_2 fusion-flex-column spec-table\" style=\"--awb-padding-bottom:60px;--awb-padding-bottom-small:0px;--awb-bg-size:cover;--awb-width-large:50%;--awb-margin-top-large:30px;--awb-spacing-right-large:3.84%;--awb-margin-bottom-large:20px;--awb-spacing-left-large:3.84%;--awb-width-medium:50%;--awb-order-medium:0;--awb-spacing-right-medium:3.84%;--awb-spacing-left-medium:3.84%;--awb-width-small:100%;--awb-order-small:0;--awb-spacing-right-small:1.92%;--awb-margin-bottom-small:0;--awb-spacing-left-small:1.92%;\" data-scroll-devices=\"small-visibility,medium-visibility,large-visibility\"><div class=\"fusion-column-wrapper fusion-column-has-shadow fusion-flex-justify-content-flex-start fusion-content-layout-column\"><div class=\"fusion-title title fusion-title-2 fusion-sep-none fusion-title-text fusion-title-size-five\" style=\"--awb-text-color:var(--awb-color8);--awb-margin-top-small:10px;--awb-margin-right-small:0px;--awb-margin-bottom-small:10px;--awb-margin-left-small:0px;--awb-font-size:18px;\"><h5 class=\"fusion-title-heading title-heading-left\" style=\"margin:0;text-transform:uppercase;font-size:1em;\">Spezifikationen<\/h5><\/div>\n<div class=\"table-2\">\n<table width=\"100%\">\n<tbody>\n<tr>\n<td align=\"left\"><strong>RGB-Modulgr\u00f6\u00dfe<\/strong><\/td>\n<td align=\"left\">75 x 16 x 9 mm<\/td>\n<\/tr>\n<tr>\n<td align=\"left\"><strong>Leistung pro Modul<\/strong><\/td>\n<td align=\"left\">0,72 watt<\/td>\n<\/tr>\n<\/tbody>\n<\/table>\n<\/div>\n<\/div><\/div><\/div><\/div><\/p>\n","protected":false},"excerpt":{"rendered":"","protected":false},"author":1,"featured_media":5789,"parent":6972,"menu_order":0,"comment_status":"closed","ping_status":"closed","template":"100-width.php","meta":{"footnotes":""},"class_list":["post-7005","page","type-page","status-publish","has-post-thumbnail","hentry"],"yoast_head":"<!-- This site is optimized with the Yoast SEO plugin v27.3 - https:\/\/yoast.com\/product\/yoast-seo-wordpress\/ -->\n<title>RGB-LED-Beleuchtung - Signnovation<\/title>\n<meta name=\"description\" content=\"RGB LED verf\u00fcgt \u00fcber ein LED-Modul, das mit 3x3 LEDs in den Farben Blau, Rot und Gr\u00fcn best\u00fcckt ist.\" \/>\n<meta name=\"robots\" content=\"index, follow, max-snippet:-1, max-image-preview:large, max-video-preview:-1\" \/>\n<link rel=\"canonical\" href=\"https:\/\/www.signnovation.nl\/de\/led-und-zubehor\/rgb-led-beleuchtung\/\" \/>\n<meta property=\"og:locale\" content=\"de_DE\" \/>\n<meta property=\"og:type\" content=\"article\" \/>\n<meta property=\"og:title\" content=\"RGB-LED-Beleuchtung - Signnovation\" \/>\n<meta property=\"og:description\" content=\"RGB LED verf\u00fcgt \u00fcber ein LED-Modul, das mit 3x3 LEDs in den Farben Blau, Rot und Gr\u00fcn best\u00fcckt ist.\" \/>\n<meta property=\"og:url\" content=\"https:\/\/www.signnovation.nl\/de\/led-und-zubehor\/rgb-led-beleuchtung\/\" \/>\n<meta property=\"og:site_name\" content=\"Signnovation\" \/>\n<meta property=\"article:publisher\" content=\"https:\/\/www.facebook.com\/SignnovationInt\/\" \/>\n<meta property=\"article:modified_time\" content=\"2024-12-17T10:48:31+00:00\" \/>\n<meta property=\"og:image\" content=\"https:\/\/www.signnovation.nl\/wp-content\/uploads\/2024\/04\/RGB-LED-verlichting-Signnovation.jpg\" \/>\n\t<meta property=\"og:image:width\" content=\"2477\" \/>\n\t<meta property=\"og:image:height\" content=\"1039\" \/>\n\t<meta property=\"og:image:type\" content=\"image\/jpeg\" \/>\n<meta name=\"twitter:card\" content=\"summary_large_image\" \/>\n<meta name=\"twitter:site\" content=\"@SignnovationBV\" \/>\n<meta name=\"twitter:label1\" content=\"Gesch\u00e4tzte Lesezeit\" \/>\n\t<meta name=\"twitter:data1\" content=\"2\u00a0Minuten\" \/>\n<script type=\"application\/ld+json\" class=\"yoast-schema-graph\">{\"@context\":\"https:\\\/\\\/schema.org\",\"@graph\":[{\"@type\":\"WebPage\",\"@id\":\"https:\\\/\\\/www.signnovation.nl\\\/de\\\/led-und-zubehor\\\/rgb-led-beleuchtung\\\/\",\"url\":\"https:\\\/\\\/www.signnovation.nl\\\/de\\\/led-und-zubehor\\\/rgb-led-beleuchtung\\\/\",\"name\":\"RGB-LED-Beleuchtung - Signnovation\",\"isPartOf\":{\"@id\":\"https:\\\/\\\/www.signnovation.nl\\\/de\\\/#website\"},\"primaryImageOfPage\":{\"@id\":\"https:\\\/\\\/www.signnovation.nl\\\/de\\\/led-und-zubehor\\\/rgb-led-beleuchtung\\\/#primaryimage\"},\"image\":{\"@id\":\"https:\\\/\\\/www.signnovation.nl\\\/de\\\/led-und-zubehor\\\/rgb-led-beleuchtung\\\/#primaryimage\"},\"thumbnailUrl\":\"https:\\\/\\\/www.signnovation.nl\\\/wp-content\\\/uploads\\\/2024\\\/04\\\/RGB-LED-verlichting-Signnovation.jpg\",\"datePublished\":\"2024-04-23T15:03:56+00:00\",\"dateModified\":\"2024-12-17T10:48:31+00:00\",\"description\":\"RGB LED verf\u00fcgt \u00fcber ein LED-Modul, das mit 3x3 LEDs in den Farben Blau, Rot und Gr\u00fcn best\u00fcckt ist.\",\"breadcrumb\":{\"@id\":\"https:\\\/\\\/www.signnovation.nl\\\/de\\\/led-und-zubehor\\\/rgb-led-beleuchtung\\\/#breadcrumb\"},\"inLanguage\":\"de\",\"potentialAction\":[{\"@type\":\"ReadAction\",\"target\":[\"https:\\\/\\\/www.signnovation.nl\\\/de\\\/led-und-zubehor\\\/rgb-led-beleuchtung\\\/\"]}]},{\"@type\":\"ImageObject\",\"inLanguage\":\"de\",\"@id\":\"https:\\\/\\\/www.signnovation.nl\\\/de\\\/led-und-zubehor\\\/rgb-led-beleuchtung\\\/#primaryimage\",\"url\":\"https:\\\/\\\/www.signnovation.nl\\\/wp-content\\\/uploads\\\/2024\\\/04\\\/RGB-LED-verlichting-Signnovation.jpg\",\"contentUrl\":\"https:\\\/\\\/www.signnovation.nl\\\/wp-content\\\/uploads\\\/2024\\\/04\\\/RGB-LED-verlichting-Signnovation.jpg\",\"width\":2477,\"height\":1039,\"caption\":\"RGB LED-verlichting\"},{\"@type\":\"BreadcrumbList\",\"@id\":\"https:\\\/\\\/www.signnovation.nl\\\/de\\\/led-und-zubehor\\\/rgb-led-beleuchtung\\\/#breadcrumb\",\"itemListElement\":[{\"@type\":\"ListItem\",\"position\":1,\"name\":\"Home\",\"item\":\"https:\\\/\\\/www.signnovation.nl\\\/de\\\/\"},{\"@type\":\"ListItem\",\"position\":2,\"name\":\"LED &#038; Zubeh\u00f6r\",\"item\":\"https:\\\/\\\/www.signnovation.nl\\\/de\\\/led-und-zubehor\\\/\"},{\"@type\":\"ListItem\",\"position\":3,\"name\":\"RGB-LED-Beleuchtung\"}]},{\"@type\":\"WebSite\",\"@id\":\"https:\\\/\\\/www.signnovation.nl\\\/de\\\/#website\",\"url\":\"https:\\\/\\\/www.signnovation.nl\\\/de\\\/\",\"name\":\"Signnovation\",\"description\":\"Topkwaliteit gevel- en lichtreclame\",\"publisher\":{\"@id\":\"https:\\\/\\\/www.signnovation.nl\\\/de\\\/#organization\"},\"potentialAction\":[{\"@type\":\"SearchAction\",\"target\":{\"@type\":\"EntryPoint\",\"urlTemplate\":\"https:\\\/\\\/www.signnovation.nl\\\/de\\\/?s={search_term_string}\"},\"query-input\":{\"@type\":\"PropertyValueSpecification\",\"valueRequired\":true,\"valueName\":\"search_term_string\"}}],\"inLanguage\":\"de\"},{\"@type\":\"Organization\",\"@id\":\"https:\\\/\\\/www.signnovation.nl\\\/de\\\/#organization\",\"name\":\"Signnovation\",\"url\":\"https:\\\/\\\/www.signnovation.nl\\\/de\\\/\",\"logo\":{\"@type\":\"ImageObject\",\"inLanguage\":\"de\",\"@id\":\"https:\\\/\\\/www.signnovation.nl\\\/de\\\/#\\\/schema\\\/logo\\\/image\\\/\",\"url\":\"https:\\\/\\\/www.signnovation.nl\\\/wp-content\\\/uploads\\\/2023\\\/03\\\/Logo-Signnovation.png\",\"contentUrl\":\"https:\\\/\\\/www.signnovation.nl\\\/wp-content\\\/uploads\\\/2023\\\/03\\\/Logo-Signnovation.png\",\"width\":335,\"height\":68,\"caption\":\"Signnovation\"},\"image\":{\"@id\":\"https:\\\/\\\/www.signnovation.nl\\\/de\\\/#\\\/schema\\\/logo\\\/image\\\/\"},\"sameAs\":[\"https:\\\/\\\/www.facebook.com\\\/SignnovationInt\\\/\",\"https:\\\/\\\/x.com\\\/SignnovationBV\",\"https:\\\/\\\/www.instagram.com\\\/signnovation_int\\\/\"]}]}<\/script>\n<!-- \/ Yoast SEO plugin. -->","yoast_head_json":{"title":"RGB-LED-Beleuchtung - Signnovation","description":"RGB LED verf\u00fcgt \u00fcber ein LED-Modul, das mit 3x3 LEDs in den Farben Blau, Rot und Gr\u00fcn best\u00fcckt ist.","robots":{"index":"index","follow":"follow","max-snippet":"max-snippet:-1","max-image-preview":"max-image-preview:large","max-video-preview":"max-video-preview:-1"},"canonical":"https:\/\/www.signnovation.nl\/de\/led-und-zubehor\/rgb-led-beleuchtung\/","og_locale":"de_DE","og_type":"article","og_title":"RGB-LED-Beleuchtung - Signnovation","og_description":"RGB LED verf\u00fcgt \u00fcber ein LED-Modul, das mit 3x3 LEDs in den Farben Blau, Rot und Gr\u00fcn best\u00fcckt ist.","og_url":"https:\/\/www.signnovation.nl\/de\/led-und-zubehor\/rgb-led-beleuchtung\/","og_site_name":"Signnovation","article_publisher":"https:\/\/www.facebook.com\/SignnovationInt\/","article_modified_time":"2024-12-17T10:48:31+00:00","og_image":[{"width":2477,"height":1039,"url":"https:\/\/www.signnovation.nl\/wp-content\/uploads\/2024\/04\/RGB-LED-verlichting-Signnovation.jpg","type":"image\/jpeg"}],"twitter_card":"summary_large_image","twitter_site":"@SignnovationBV","twitter_misc":{"Gesch\u00e4tzte Lesezeit":"2\u00a0Minuten"},"schema":{"@context":"https:\/\/schema.org","@graph":[{"@type":"WebPage","@id":"https:\/\/www.signnovation.nl\/de\/led-und-zubehor\/rgb-led-beleuchtung\/","url":"https:\/\/www.signnovation.nl\/de\/led-und-zubehor\/rgb-led-beleuchtung\/","name":"RGB-LED-Beleuchtung - Signnovation","isPartOf":{"@id":"https:\/\/www.signnovation.nl\/de\/#website"},"primaryImageOfPage":{"@id":"https:\/\/www.signnovation.nl\/de\/led-und-zubehor\/rgb-led-beleuchtung\/#primaryimage"},"image":{"@id":"https:\/\/www.signnovation.nl\/de\/led-und-zubehor\/rgb-led-beleuchtung\/#primaryimage"},"thumbnailUrl":"https:\/\/www.signnovation.nl\/wp-content\/uploads\/2024\/04\/RGB-LED-verlichting-Signnovation.jpg","datePublished":"2024-04-23T15:03:56+00:00","dateModified":"2024-12-17T10:48:31+00:00","description":"RGB LED verf\u00fcgt \u00fcber ein LED-Modul, das mit 3x3 LEDs in den Farben Blau, Rot und Gr\u00fcn best\u00fcckt ist.","breadcrumb":{"@id":"https:\/\/www.signnovation.nl\/de\/led-und-zubehor\/rgb-led-beleuchtung\/#breadcrumb"},"inLanguage":"de","potentialAction":[{"@type":"ReadAction","target":["https:\/\/www.signnovation.nl\/de\/led-und-zubehor\/rgb-led-beleuchtung\/"]}]},{"@type":"ImageObject","inLanguage":"de","@id":"https:\/\/www.signnovation.nl\/de\/led-und-zubehor\/rgb-led-beleuchtung\/#primaryimage","url":"https:\/\/www.signnovation.nl\/wp-content\/uploads\/2024\/04\/RGB-LED-verlichting-Signnovation.jpg","contentUrl":"https:\/\/www.signnovation.nl\/wp-content\/uploads\/2024\/04\/RGB-LED-verlichting-Signnovation.jpg","width":2477,"height":1039,"caption":"RGB LED-verlichting"},{"@type":"BreadcrumbList","@id":"https:\/\/www.signnovation.nl\/de\/led-und-zubehor\/rgb-led-beleuchtung\/#breadcrumb","itemListElement":[{"@type":"ListItem","position":1,"name":"Home","item":"https:\/\/www.signnovation.nl\/de\/"},{"@type":"ListItem","position":2,"name":"LED &#038; Zubeh\u00f6r","item":"https:\/\/www.signnovation.nl\/de\/led-und-zubehor\/"},{"@type":"ListItem","position":3,"name":"RGB-LED-Beleuchtung"}]},{"@type":"WebSite","@id":"https:\/\/www.signnovation.nl\/de\/#website","url":"https:\/\/www.signnovation.nl\/de\/","name":"Signnovation","description":"Topkwaliteit gevel- en lichtreclame","publisher":{"@id":"https:\/\/www.signnovation.nl\/de\/#organization"},"potentialAction":[{"@type":"SearchAction","target":{"@type":"EntryPoint","urlTemplate":"https:\/\/www.signnovation.nl\/de\/?s={search_term_string}"},"query-input":{"@type":"PropertyValueSpecification","valueRequired":true,"valueName":"search_term_string"}}],"inLanguage":"de"},{"@type":"Organization","@id":"https:\/\/www.signnovation.nl\/de\/#organization","name":"Signnovation","url":"https:\/\/www.signnovation.nl\/de\/","logo":{"@type":"ImageObject","inLanguage":"de","@id":"https:\/\/www.signnovation.nl\/de\/#\/schema\/logo\/image\/","url":"https:\/\/www.signnovation.nl\/wp-content\/uploads\/2023\/03\/Logo-Signnovation.png","contentUrl":"https:\/\/www.signnovation.nl\/wp-content\/uploads\/2023\/03\/Logo-Signnovation.png","width":335,"height":68,"caption":"Signnovation"},"image":{"@id":"https:\/\/www.signnovation.nl\/de\/#\/schema\/logo\/image\/"},"sameAs":["https:\/\/www.facebook.com\/SignnovationInt\/","https:\/\/x.com\/SignnovationBV","https:\/\/www.instagram.com\/signnovation_int\/"]}]}},"_links":{"self":[{"href":"https:\/\/www.signnovation.nl\/de\/wp-json\/wp\/v2\/pages\/7005","targetHints":{"allow":["GET"]}}],"collection":[{"href":"https:\/\/www.signnovation.nl\/de\/wp-json\/wp\/v2\/pages"}],"about":[{"href":"https:\/\/www.signnovation.nl\/de\/wp-json\/wp\/v2\/types\/page"}],"author":[{"embeddable":true,"href":"https:\/\/www.signnovation.nl\/de\/wp-json\/wp\/v2\/users\/1"}],"replies":[{"embeddable":true,"href":"https:\/\/www.signnovation.nl\/de\/wp-json\/wp\/v2\/comments?post=7005"}],"version-history":[{"count":0,"href":"https:\/\/www.signnovation.nl\/de\/wp-json\/wp\/v2\/pages\/7005\/revisions"}],"up":[{"embeddable":true,"href":"https:\/\/www.signnovation.nl\/de\/wp-json\/wp\/v2\/pages\/6972"}],"wp:featuredmedia":[{"embeddable":true,"href":"https:\/\/www.signnovation.nl\/de\/wp-json\/wp\/v2\/media\/5789"}],"wp:attachment":[{"href":"https:\/\/www.signnovation.nl\/de\/wp-json\/wp\/v2\/media?parent=7005"}],"curies":[{"name":"wp","href":"https:\/\/api.w.org\/{rel}","templated":true}]}}