{"id":6993,"date":"2024-04-23T15:56:52","date_gmt":"2024-04-23T13:56:52","guid":{"rendered":"https:\/\/www.signnovation.nl\/montage\/repaplast-cleaner-antistatic\/"},"modified":"2024-12-17T11:38:04","modified_gmt":"2024-12-17T10:38:04","slug":"repaplast-reiniger-antistatisch","status":"publish","type":"page","link":"https:\/\/www.signnovation.nl\/de\/montage\/repaplast-reiniger-antistatisch\/","title":{"rendered":"Repaplast Reiniger Antistatisch"},"content":{"rendered":"<p><div class=\"fusion-fullwidth fullwidth-box fusion-builder-row-1 fusion-flex-container has-pattern-background has-mask-background nonhundred-percent-fullwidth non-hundred-percent-height-scrolling header_sub\" style=\"--awb-border-radius-top-left:0px;--awb-border-radius-top-right:0px;--awb-border-radius-bottom-right:0px;--awb-border-radius-bottom-left:0px;--awb-flex-wrap:wrap;\" ><div class=\"fusion-builder-row fusion-row fusion-flex-align-items-stretch fusion-flex-content-wrap\" style=\"max-width:1456px;margin-left: calc(-4% \/ 2 );margin-right: calc(-4% \/ 2 );\"><div class=\"fusion-layout-column fusion_builder_column fusion-builder-column-0 fusion_builder_column_3_5 3_5 fusion-flex-column header_left\" style=\"--awb-padding-top:30px;--awb-padding-right:15px;--awb-padding-bottom:80px;--awb-padding-left:15px;--awb-bg-color:#fafafa;--awb-bg-color-hover:#fafafa;--awb-bg-size:cover;--awb-width-large:60%;--awb-margin-top-large:0px;--awb-spacing-right-large:3.84%;--awb-margin-bottom-large:0px;--awb-spacing-left-large:3.2%;--awb-width-medium:60%;--awb-order-medium:0;--awb-spacing-right-medium:3.84%;--awb-spacing-left-medium:3.2%;--awb-width-small:100%;--awb-order-small:0;--awb-spacing-right-small:1.92%;--awb-spacing-left-small:1.92%;\"><div class=\"fusion-column-wrapper fusion-column-has-shadow fusion-flex-justify-content-flex-start fusion-content-layout-column\"><div class=\"fusion-builder-row fusion-builder-row-inner fusion-row fusion-flex-align-items-stretch fusion-flex-content-wrap\" style=\"--awb-flex-grow:0;--awb-flex-grow-medium:0;--awb-flex-grow-small:0;--awb-flex-shrink:0;--awb-flex-shrink-medium:0;--awb-flex-shrink-small:0;width:104% !important;max-width:104% !important;margin-left: calc(-4% \/ 2 );margin-right: calc(-4% \/ 2 );\"><div class=\"fusion-layout-column fusion_builder_column_inner fusion-builder-nested-column-0 fusion_builder_column_inner_3_4 3_4 fusion-flex-column\" style=\"--awb-padding-top:40px;--awb-bg-size:cover;--awb-width-large:75%;--awb-margin-top-large:0px;--awb-spacing-right-large:2.56%;--awb-margin-bottom-large:20px;--awb-spacing-left-large:2.56%;--awb-width-medium:100%;--awb-order-medium:0;--awb-spacing-right-medium:1.92%;--awb-spacing-left-medium:1.92%;--awb-width-small:100%;--awb-order-small:0;--awb-spacing-right-small:1.92%;--awb-spacing-left-small:1.92%;\" data-scroll-devices=\"small-visibility,medium-visibility,large-visibility\"><div class=\"fusion-column-wrapper fusion-column-has-shadow fusion-flex-justify-content-flex-start fusion-content-layout-column\"><div class=\"fusion-title title fusion-title-1 fusion-sep-none fusion-title-text fusion-title-size-one\" style=\"--awb-margin-top-small:10px;--awb-margin-right-small:0px;--awb-margin-bottom-small:10px;--awb-margin-left-small:0px;\"><h1 class=\"fusion-title-heading title-heading-left\" style=\"font-family:&quot;Inter&quot;;font-style:normal;font-weight:900;margin:0;\">Repaplast Reiniger Antistatisch<\/h1><\/div><div class=\"fusion-separator fusion-no-small-visibility fusion-no-medium-visibility fusion-full-width-sep\" style=\"align-self: center;margin-left: auto;margin-right: auto;margin-top:35px;width:100%;\"><\/div><div class=\"fusion-text fusion-text-1\" style=\"--awb-font-size:14px;--awb-text-color:#53595f;\"><p><strong>Repaplast Reiniger Antistatisch, 500 ml<\/strong><br \/>\nRepaplast Cleaner Antistatic ist ein professioneller Reiniger, der speziell f\u00fcr die Reinigung der g\u00e4ngigsten Kunststoffe entwickelt wurde. Aufgrund seiner einzigartigen Zusammensetzung gew\u00e4hrleistet das Produkt die sicherste und effizienteste antistatische Entfettung und Vorreinigung von Kunststoffen.<\/p>\n<\/div><div class=\"fusion-separator fusion-no-small-visibility fusion-no-medium-visibility fusion-full-width-sep\" style=\"align-self: center;margin-left: auto;margin-right: auto;margin-top:50px;width:100%;\"><\/div><div ><a class=\"fusion-button button-flat fusion-button-default-size button-default fusion-button-default button-1 fusion-button-default-span fusion-button-default-type\" style=\"--button-border-radius-top-left:0px;--button-border-radius-top-right:0px;--button-border-radius-bottom-right:0px;--button-border-radius-bottom-left:0px;\" target=\"_self\" href=\"\/de\/preis-anfragen\/?product=Repaplast Reiniger Antistatisch\"><span class=\"fusion-button-text awb-button__text awb-button__text--default\">Preis anfragen<\/span><i class=\"fa-long-arrow-alt-right fas awb-button__icon awb-button__icon--default button-icon-right\" aria-hidden=\"true\"><\/i><\/a><\/div>\n<\/div><\/div><\/div><\/div><\/div><div class=\"fusion-layout-column fusion_builder_column fusion-builder-column-1 fusion_builder_column_2_5 2_5 fusion-flex-column product-page-header-image\" style=\"--awb-padding-top:0px;--awb-padding-right:0px;--awb-padding-bottom:0px;--awb-padding-left:0px;--awb-bg-size:cover;--awb-width-large:40%;--awb-margin-top-large:0px;--awb-spacing-right-large:0px;--awb-margin-bottom-large:0px;--awb-spacing-left-large:0px;--awb-width-medium:40%;--awb-order-medium:0;--awb-spacing-right-medium:0px;--awb-spacing-left-medium:0px;--awb-width-small:100%;--awb-order-small:0;--awb-spacing-right-small:1.92%;--awb-spacing-left-small:1.92%;\" data-scroll-devices=\"small-visibility,medium-visibility,large-visibility\"><div class=\"fusion-column-wrapper fusion-column-has-shadow fusion-flex-justify-content-flex-start fusion-content-layout-column\"><div class=\"fusion-image-element \" style=\"--awb-caption-title-font-family:var(--h2_typography-font-family);--awb-caption-title-font-weight:var(--h2_typography-font-weight);--awb-caption-title-font-style:var(--h2_typography-font-style);--awb-caption-title-size:var(--h2_typography-font-size);--awb-caption-title-transform:var(--h2_typography-text-transform);--awb-caption-title-line-height:var(--h2_typography-line-height);--awb-caption-title-letter-spacing:var(--h2_typography-letter-spacing);\"><span class=\" fusion-imageframe imageframe-none imageframe-1 hover-type-none\"><img decoding=\"async\" width=\"1024\" height=\"1024\" alt=\"Repaplast Cleaner Antistatic\" title=\"Repaplast-Cleaner-Antistatic-Signnovation\" src=\"https:\/\/www.signnovation.nl\/wp-content\/uploads\/2024\/04\/Repaplast-Cleaner-Antistatic-Signnovation.png\" class=\"img-responsive wp-image-5726\" srcset=\"https:\/\/www.signnovation.nl\/wp-content\/uploads\/2024\/04\/Repaplast-Cleaner-Antistatic-Signnovation-66x66.png 66w, https:\/\/www.signnovation.nl\/wp-content\/uploads\/2024\/04\/Repaplast-Cleaner-Antistatic-Signnovation-150x150.png 150w, https:\/\/www.signnovation.nl\/wp-content\/uploads\/2024\/04\/Repaplast-Cleaner-Antistatic-Signnovation-300x300.png 300w, https:\/\/www.signnovation.nl\/wp-content\/uploads\/2024\/04\/Repaplast-Cleaner-Antistatic-Signnovation-768x768.png 768w, https:\/\/www.signnovation.nl\/wp-content\/uploads\/2024\/04\/Repaplast-Cleaner-Antistatic-Signnovation.png 1024w\" sizes=\"(max-width: 1024px) 100vw, 1024px\" \/><\/span><\/div><\/div><\/div><\/div><\/div><div class=\"fusion-fullwidth fullwidth-box fusion-builder-row-2 fusion-flex-container has-pattern-background has-mask-background nonhundred-percent-fullwidth non-hundred-percent-height-scrolling\" style=\"--awb-border-radius-top-left:0px;--awb-border-radius-top-right:0px;--awb-border-radius-bottom-right:0px;--awb-border-radius-bottom-left:0px;--awb-padding-top:200px;--awb-padding-top-small:150px;--awb-margin-top:-75px;--awb-margin-bottom:-15px;--awb-margin-bottom-small:0px;--awb-background-color:var(--awb-color5);--awb-flex-wrap:wrap;\" ><div class=\"fusion-builder-row fusion-row fusion-flex-align-items-center fusion-flex-content-wrap\" style=\"max-width:1456px;margin-left: calc(-4% \/ 2 );margin-right: calc(-4% \/ 2 );\"><\/div><\/div><\/p>\n","protected":false},"excerpt":{"rendered":"","protected":false},"author":1,"featured_media":5726,"parent":2673,"menu_order":0,"comment_status":"closed","ping_status":"closed","template":"100-width.php","meta":{"footnotes":""},"class_list":["post-6993","page","type-page","status-publish","has-post-thumbnail","hentry"],"yoast_head":"<!-- This site is optimized with the Yoast SEO plugin v27.3 - https:\/\/yoast.com\/product\/yoast-seo-wordpress\/ -->\n<title>Repaplast Reiniger Antistatisch - Signnovation<\/title>\n<meta name=\"description\" content=\"Repaplast Cleaner Antistatic ist ein professioneller Reiniger, der speziell f\u00fcr die Reinigung der g\u00e4ngigsten Kunststoffe entwickelt wurde.\" \/>\n<meta name=\"robots\" content=\"index, follow, max-snippet:-1, max-image-preview:large, max-video-preview:-1\" \/>\n<link rel=\"canonical\" href=\"https:\/\/www.signnovation.nl\/de\/montage\/repaplast-reiniger-antistatisch\/\" \/>\n<meta property=\"og:locale\" content=\"de_DE\" \/>\n<meta property=\"og:type\" content=\"article\" \/>\n<meta property=\"og:title\" content=\"Repaplast Reiniger Antistatisch - Signnovation\" \/>\n<meta property=\"og:description\" content=\"Repaplast Cleaner Antistatic ist ein professioneller Reiniger, der speziell f\u00fcr die Reinigung der g\u00e4ngigsten Kunststoffe entwickelt wurde.\" \/>\n<meta property=\"og:url\" content=\"https:\/\/www.signnovation.nl\/de\/montage\/repaplast-reiniger-antistatisch\/\" \/>\n<meta property=\"og:site_name\" content=\"Signnovation\" \/>\n<meta property=\"article:publisher\" content=\"https:\/\/www.facebook.com\/SignnovationInt\/\" \/>\n<meta property=\"article:modified_time\" content=\"2024-12-17T10:38:04+00:00\" \/>\n<meta property=\"og:image\" content=\"https:\/\/www.signnovation.nl\/wp-content\/uploads\/2024\/04\/Repaplast-Cleaner-Antistatic-Signnovation.png\" \/>\n\t<meta property=\"og:image:width\" content=\"1024\" \/>\n\t<meta property=\"og:image:height\" content=\"1024\" \/>\n\t<meta property=\"og:image:type\" content=\"image\/png\" \/>\n<meta name=\"twitter:card\" content=\"summary_large_image\" \/>\n<meta name=\"twitter:site\" content=\"@SignnovationBV\" \/>\n<meta name=\"twitter:label1\" content=\"Gesch\u00e4tzte Lesezeit\" \/>\n\t<meta name=\"twitter:data1\" content=\"1\u00a0Minute\" \/>\n<script type=\"application\/ld+json\" class=\"yoast-schema-graph\">{\"@context\":\"https:\\\/\\\/schema.org\",\"@graph\":[{\"@type\":\"WebPage\",\"@id\":\"https:\\\/\\\/www.signnovation.nl\\\/de\\\/montage\\\/repaplast-reiniger-antistatisch\\\/\",\"url\":\"https:\\\/\\\/www.signnovation.nl\\\/de\\\/montage\\\/repaplast-reiniger-antistatisch\\\/\",\"name\":\"Repaplast Reiniger Antistatisch - Signnovation\",\"isPartOf\":{\"@id\":\"https:\\\/\\\/www.signnovation.nl\\\/de\\\/#website\"},\"primaryImageOfPage\":{\"@id\":\"https:\\\/\\\/www.signnovation.nl\\\/de\\\/montage\\\/repaplast-reiniger-antistatisch\\\/#primaryimage\"},\"image\":{\"@id\":\"https:\\\/\\\/www.signnovation.nl\\\/de\\\/montage\\\/repaplast-reiniger-antistatisch\\\/#primaryimage\"},\"thumbnailUrl\":\"https:\\\/\\\/www.signnovation.nl\\\/wp-content\\\/uploads\\\/2024\\\/04\\\/Repaplast-Cleaner-Antistatic-Signnovation.png\",\"datePublished\":\"2024-04-23T13:56:52+00:00\",\"dateModified\":\"2024-12-17T10:38:04+00:00\",\"description\":\"Repaplast Cleaner Antistatic ist ein professioneller Reiniger, der speziell f\u00fcr die Reinigung der g\u00e4ngigsten Kunststoffe entwickelt wurde.\",\"breadcrumb\":{\"@id\":\"https:\\\/\\\/www.signnovation.nl\\\/de\\\/montage\\\/repaplast-reiniger-antistatisch\\\/#breadcrumb\"},\"inLanguage\":\"de\",\"potentialAction\":[{\"@type\":\"ReadAction\",\"target\":[\"https:\\\/\\\/www.signnovation.nl\\\/de\\\/montage\\\/repaplast-reiniger-antistatisch\\\/\"]}]},{\"@type\":\"ImageObject\",\"inLanguage\":\"de\",\"@id\":\"https:\\\/\\\/www.signnovation.nl\\\/de\\\/montage\\\/repaplast-reiniger-antistatisch\\\/#primaryimage\",\"url\":\"https:\\\/\\\/www.signnovation.nl\\\/wp-content\\\/uploads\\\/2024\\\/04\\\/Repaplast-Cleaner-Antistatic-Signnovation.png\",\"contentUrl\":\"https:\\\/\\\/www.signnovation.nl\\\/wp-content\\\/uploads\\\/2024\\\/04\\\/Repaplast-Cleaner-Antistatic-Signnovation.png\",\"width\":1024,\"height\":1024,\"caption\":\"Repaplast Cleaner Antistatic\"},{\"@type\":\"BreadcrumbList\",\"@id\":\"https:\\\/\\\/www.signnovation.nl\\\/de\\\/montage\\\/repaplast-reiniger-antistatisch\\\/#breadcrumb\",\"itemListElement\":[{\"@type\":\"ListItem\",\"position\":1,\"name\":\"Home\",\"item\":\"https:\\\/\\\/www.signnovation.nl\\\/de\\\/\"},{\"@type\":\"ListItem\",\"position\":2,\"name\":\"Montage\",\"item\":\"https:\\\/\\\/www.signnovation.nl\\\/de\\\/montage\\\/\"},{\"@type\":\"ListItem\",\"position\":3,\"name\":\"Repaplast Reiniger Antistatisch\"}]},{\"@type\":\"WebSite\",\"@id\":\"https:\\\/\\\/www.signnovation.nl\\\/de\\\/#website\",\"url\":\"https:\\\/\\\/www.signnovation.nl\\\/de\\\/\",\"name\":\"Signnovation\",\"description\":\"Topkwaliteit gevel- en lichtreclame\",\"publisher\":{\"@id\":\"https:\\\/\\\/www.signnovation.nl\\\/de\\\/#organization\"},\"potentialAction\":[{\"@type\":\"SearchAction\",\"target\":{\"@type\":\"EntryPoint\",\"urlTemplate\":\"https:\\\/\\\/www.signnovation.nl\\\/de\\\/?s={search_term_string}\"},\"query-input\":{\"@type\":\"PropertyValueSpecification\",\"valueRequired\":true,\"valueName\":\"search_term_string\"}}],\"inLanguage\":\"de\"},{\"@type\":\"Organization\",\"@id\":\"https:\\\/\\\/www.signnovation.nl\\\/de\\\/#organization\",\"name\":\"Signnovation\",\"url\":\"https:\\\/\\\/www.signnovation.nl\\\/de\\\/\",\"logo\":{\"@type\":\"ImageObject\",\"inLanguage\":\"de\",\"@id\":\"https:\\\/\\\/www.signnovation.nl\\\/de\\\/#\\\/schema\\\/logo\\\/image\\\/\",\"url\":\"https:\\\/\\\/www.signnovation.nl\\\/wp-content\\\/uploads\\\/2023\\\/03\\\/Logo-Signnovation.png\",\"contentUrl\":\"https:\\\/\\\/www.signnovation.nl\\\/wp-content\\\/uploads\\\/2023\\\/03\\\/Logo-Signnovation.png\",\"width\":335,\"height\":68,\"caption\":\"Signnovation\"},\"image\":{\"@id\":\"https:\\\/\\\/www.signnovation.nl\\\/de\\\/#\\\/schema\\\/logo\\\/image\\\/\"},\"sameAs\":[\"https:\\\/\\\/www.facebook.com\\\/SignnovationInt\\\/\",\"https:\\\/\\\/x.com\\\/SignnovationBV\",\"https:\\\/\\\/www.instagram.com\\\/signnovation_int\\\/\"]}]}<\/script>\n<!-- \/ Yoast SEO plugin. -->","yoast_head_json":{"title":"Repaplast Reiniger Antistatisch - Signnovation","description":"Repaplast Cleaner Antistatic ist ein professioneller Reiniger, der speziell f\u00fcr die Reinigung der g\u00e4ngigsten Kunststoffe entwickelt wurde.","robots":{"index":"index","follow":"follow","max-snippet":"max-snippet:-1","max-image-preview":"max-image-preview:large","max-video-preview":"max-video-preview:-1"},"canonical":"https:\/\/www.signnovation.nl\/de\/montage\/repaplast-reiniger-antistatisch\/","og_locale":"de_DE","og_type":"article","og_title":"Repaplast Reiniger Antistatisch - Signnovation","og_description":"Repaplast Cleaner Antistatic ist ein professioneller Reiniger, der speziell f\u00fcr die Reinigung der g\u00e4ngigsten Kunststoffe entwickelt wurde.","og_url":"https:\/\/www.signnovation.nl\/de\/montage\/repaplast-reiniger-antistatisch\/","og_site_name":"Signnovation","article_publisher":"https:\/\/www.facebook.com\/SignnovationInt\/","article_modified_time":"2024-12-17T10:38:04+00:00","og_image":[{"width":1024,"height":1024,"url":"https:\/\/www.signnovation.nl\/wp-content\/uploads\/2024\/04\/Repaplast-Cleaner-Antistatic-Signnovation.png","type":"image\/png"}],"twitter_card":"summary_large_image","twitter_site":"@SignnovationBV","twitter_misc":{"Gesch\u00e4tzte Lesezeit":"1\u00a0Minute"},"schema":{"@context":"https:\/\/schema.org","@graph":[{"@type":"WebPage","@id":"https:\/\/www.signnovation.nl\/de\/montage\/repaplast-reiniger-antistatisch\/","url":"https:\/\/www.signnovation.nl\/de\/montage\/repaplast-reiniger-antistatisch\/","name":"Repaplast Reiniger Antistatisch - Signnovation","isPartOf":{"@id":"https:\/\/www.signnovation.nl\/de\/#website"},"primaryImageOfPage":{"@id":"https:\/\/www.signnovation.nl\/de\/montage\/repaplast-reiniger-antistatisch\/#primaryimage"},"image":{"@id":"https:\/\/www.signnovation.nl\/de\/montage\/repaplast-reiniger-antistatisch\/#primaryimage"},"thumbnailUrl":"https:\/\/www.signnovation.nl\/wp-content\/uploads\/2024\/04\/Repaplast-Cleaner-Antistatic-Signnovation.png","datePublished":"2024-04-23T13:56:52+00:00","dateModified":"2024-12-17T10:38:04+00:00","description":"Repaplast Cleaner Antistatic ist ein professioneller Reiniger, der speziell f\u00fcr die Reinigung der g\u00e4ngigsten Kunststoffe entwickelt wurde.","breadcrumb":{"@id":"https:\/\/www.signnovation.nl\/de\/montage\/repaplast-reiniger-antistatisch\/#breadcrumb"},"inLanguage":"de","potentialAction":[{"@type":"ReadAction","target":["https:\/\/www.signnovation.nl\/de\/montage\/repaplast-reiniger-antistatisch\/"]}]},{"@type":"ImageObject","inLanguage":"de","@id":"https:\/\/www.signnovation.nl\/de\/montage\/repaplast-reiniger-antistatisch\/#primaryimage","url":"https:\/\/www.signnovation.nl\/wp-content\/uploads\/2024\/04\/Repaplast-Cleaner-Antistatic-Signnovation.png","contentUrl":"https:\/\/www.signnovation.nl\/wp-content\/uploads\/2024\/04\/Repaplast-Cleaner-Antistatic-Signnovation.png","width":1024,"height":1024,"caption":"Repaplast Cleaner Antistatic"},{"@type":"BreadcrumbList","@id":"https:\/\/www.signnovation.nl\/de\/montage\/repaplast-reiniger-antistatisch\/#breadcrumb","itemListElement":[{"@type":"ListItem","position":1,"name":"Home","item":"https:\/\/www.signnovation.nl\/de\/"},{"@type":"ListItem","position":2,"name":"Montage","item":"https:\/\/www.signnovation.nl\/de\/montage\/"},{"@type":"ListItem","position":3,"name":"Repaplast Reiniger Antistatisch"}]},{"@type":"WebSite","@id":"https:\/\/www.signnovation.nl\/de\/#website","url":"https:\/\/www.signnovation.nl\/de\/","name":"Signnovation","description":"Topkwaliteit gevel- en lichtreclame","publisher":{"@id":"https:\/\/www.signnovation.nl\/de\/#organization"},"potentialAction":[{"@type":"SearchAction","target":{"@type":"EntryPoint","urlTemplate":"https:\/\/www.signnovation.nl\/de\/?s={search_term_string}"},"query-input":{"@type":"PropertyValueSpecification","valueRequired":true,"valueName":"search_term_string"}}],"inLanguage":"de"},{"@type":"Organization","@id":"https:\/\/www.signnovation.nl\/de\/#organization","name":"Signnovation","url":"https:\/\/www.signnovation.nl\/de\/","logo":{"@type":"ImageObject","inLanguage":"de","@id":"https:\/\/www.signnovation.nl\/de\/#\/schema\/logo\/image\/","url":"https:\/\/www.signnovation.nl\/wp-content\/uploads\/2023\/03\/Logo-Signnovation.png","contentUrl":"https:\/\/www.signnovation.nl\/wp-content\/uploads\/2023\/03\/Logo-Signnovation.png","width":335,"height":68,"caption":"Signnovation"},"image":{"@id":"https:\/\/www.signnovation.nl\/de\/#\/schema\/logo\/image\/"},"sameAs":["https:\/\/www.facebook.com\/SignnovationInt\/","https:\/\/x.com\/SignnovationBV","https:\/\/www.instagram.com\/signnovation_int\/"]}]}},"_links":{"self":[{"href":"https:\/\/www.signnovation.nl\/de\/wp-json\/wp\/v2\/pages\/6993","targetHints":{"allow":["GET"]}}],"collection":[{"href":"https:\/\/www.signnovation.nl\/de\/wp-json\/wp\/v2\/pages"}],"about":[{"href":"https:\/\/www.signnovation.nl\/de\/wp-json\/wp\/v2\/types\/page"}],"author":[{"embeddable":true,"href":"https:\/\/www.signnovation.nl\/de\/wp-json\/wp\/v2\/users\/1"}],"replies":[{"embeddable":true,"href":"https:\/\/www.signnovation.nl\/de\/wp-json\/wp\/v2\/comments?post=6993"}],"version-history":[{"count":0,"href":"https:\/\/www.signnovation.nl\/de\/wp-json\/wp\/v2\/pages\/6993\/revisions"}],"up":[{"embeddable":true,"href":"https:\/\/www.signnovation.nl\/de\/wp-json\/wp\/v2\/pages\/2673"}],"wp:featuredmedia":[{"embeddable":true,"href":"https:\/\/www.signnovation.nl\/de\/wp-json\/wp\/v2\/media\/5726"}],"wp:attachment":[{"href":"https:\/\/www.signnovation.nl\/de\/wp-json\/wp\/v2\/media?parent=6993"}],"curies":[{"name":"wp","href":"https:\/\/api.w.org\/{rel}","templated":true}]}}